{"id":31,"date":"2016-02-04T11:24:48","date_gmt":"2016-02-04T10:24:48","guid":{"rendered":"http:\/\/budomax-as.pl\/?page_id=31"},"modified":"2016-03-14T14:43:55","modified_gmt":"2016-03-14T13:43:55","slug":"roboty-ziemne","status":"publish","type":"page","link":"https:\/\/budomax-as.pl\/index.php\/roboty-ziemne\/","title":{"rendered":"Roboty ziemne"},"content":{"rendered":"<p>Nasza firma, wykonuje r\u00f3wnie\u017c roboty ziemne do kt\u00f3rych niezb\u0119dny jest ci\u0119\u017cki sprz\u0119t. Zajmujemy si\u0119 wykopami pod budynki &#8211; domy, hale, sklepy, itp.<\/p>\n<p>Nasza oferta:<\/p>\n<ul>\n<li>us\u0142ugi koparko-\u0142adowark\u0105<\/li>\n<li>wykopy pod budynki i budowle<\/li>\n<li>drena\u017ce<\/li>\n<li>kucie m\u0142otem<\/li>\n<li>wyburzenia<\/li>\n<\/ul>\n<p><img loading=\"lazy\" decoding=\"async\" class=\"size-large wp-image-86 aligncenter\" border=\"2\" src=\"http:\/\/budomax-as.pl\/wp-content\/uploads\/2016\/02\/budownictwo-1024x499.jpg\" alt=\"budownictwo\" width=\"783\" height=\"382\" srcset=\"https:\/\/budomax-as.pl\/wp-content\/uploads\/2016\/02\/budownictwo-1024x499.jpg 1024w, https:\/\/budomax-as.pl\/wp-content\/uploads\/2016\/02\/budownictwo-300x146.jpg 300w, https:\/\/budomax-as.pl\/wp-content\/uploads\/2016\/02\/budownictwo-768x374.jpg 768w, https:\/\/budomax-as.pl\/wp-content\/uploads\/2016\/02\/budownictwo.jpg 1600w\" sizes=\"auto, (max-width: 783px) 100vw, 783px\" \/><\/p>\n","protected":false},"excerpt":{"rendered":"<p>Nasza firma, wykonuje r\u00f3wnie\u017c roboty ziemne do kt\u00f3rych niezb\u0119dny jest ci\u0119\u017cki sprz\u0119t. Zajmujemy si\u0119 wykopami pod budynki &#8211; domy, hale, sklepy, itp. Nasza oferta: us\u0142ugi<\/p>\n","protected":false},"author":1,"featured_media":53,"parent":0,"menu_order":0,"comment_status":"closed","ping_status":"open","template":"page-templates\/template-services.php","meta":{"footnotes":""},"class_list":["post-31","page","type-page","status-publish","has-post-thumbnail","hentry"],"_links":{"self":[{"href":"https:\/\/budomax-as.pl\/index.php\/wp-json\/wp\/v2\/pages\/31","targetHints":{"allow":["GET"]}}],"collection":[{"href":"https:\/\/budomax-as.pl\/index.php\/wp-json\/wp\/v2\/pages"}],"about":[{"href":"https:\/\/budomax-as.pl\/index.php\/wp-json\/wp\/v2\/types\/page"}],"author":[{"embeddable":true,"href":"https:\/\/budomax-as.pl\/index.php\/wp-json\/wp\/v2\/users\/1"}],"replies":[{"embeddable":true,"href":"https:\/\/budomax-as.pl\/index.php\/wp-json\/wp\/v2\/comments?post=31"}],"version-history":[{"count":0,"href":"https:\/\/budomax-as.pl\/index.php\/wp-json\/wp\/v2\/pages\/31\/revisions"}],"wp:featuredmedia":[{"embeddable":true,"href":"https:\/\/budomax-as.pl\/index.php\/wp-json\/wp\/v2\/media\/53"}],"wp:attachment":[{"href":"https:\/\/budomax-as.pl\/index.php\/wp-json\/wp\/v2\/media?parent=31"}],"curies":[{"name":"wp","href":"https:\/\/api.w.org\/{rel}","templated":true}]}}