{"id":39,"date":"2016-02-04T11:37:27","date_gmt":"2016-02-04T10:37:27","guid":{"rendered":"http:\/\/budomax-as.pl\/?page_id=39"},"modified":"2016-03-14T14:45:17","modified_gmt":"2016-03-14T13:45:17","slug":"roboty-betonowe-i-zelbetowe","status":"publish","type":"page","link":"https:\/\/budomax-as.pl\/index.php\/roboty-betonowe-i-zelbetowe\/","title":{"rendered":"Roboty betonowe i \u017celbetowe"},"content":{"rendered":"<p>W zakres us\u0142ug wchodzi:<\/p>\n<ul>\n<li>Wykonanie mieszanki<\/li>\n<li>Przygotowanie i monta\u017c zbrojenia (gi\u0119cie stali zbrojeniowej)<\/li>\n<li>Betonowanie<\/li>\n<\/ul>\n<p>&nbsp;<\/p>\n<p><img loading=\"lazy\" decoding=\"async\" class=\"size-full wp-image-40 aligncenter\" border=\"2\" src=\"http:\/\/budomax-as.pl\/wp-content\/uploads\/2016\/02\/mphoto.jpg\" alt=\"mphoto\" width=\"500\" height=\"375\" srcset=\"https:\/\/budomax-as.pl\/wp-content\/uploads\/2016\/02\/mphoto.jpg 500w, https:\/\/budomax-as.pl\/wp-content\/uploads\/2016\/02\/mphoto-300x225.jpg 300w\" sizes=\"auto, (max-width: 500px) 100vw, 500px\" \/><\/p>\n","protected":false},"excerpt":{"rendered":"<p>W zakres us\u0142ug wchodzi: Wykonanie mieszanki Przygotowanie i monta\u017c zbrojenia (gi\u0119cie stali zbrojeniowej) Betonowanie &nbsp;<\/p>\n","protected":false},"author":1,"featured_media":40,"parent":0,"menu_order":0,"comment_status":"closed","ping_status":"open","template":"page-templates\/template-services.php","meta":{"footnotes":""},"class_list":["post-39","page","type-page","status-publish","has-post-thumbnail","hentry"],"_links":{"self":[{"href":"https:\/\/budomax-as.pl\/index.php\/wp-json\/wp\/v2\/pages\/39","targetHints":{"allow":["GET"]}}],"collection":[{"href":"https:\/\/budomax-as.pl\/index.php\/wp-json\/wp\/v2\/pages"}],"about":[{"href":"https:\/\/budomax-as.pl\/index.php\/wp-json\/wp\/v2\/types\/page"}],"author":[{"embeddable":true,"href":"https:\/\/budomax-as.pl\/index.php\/wp-json\/wp\/v2\/users\/1"}],"replies":[{"embeddable":true,"href":"https:\/\/budomax-as.pl\/index.php\/wp-json\/wp\/v2\/comments?post=39"}],"version-history":[{"count":0,"href":"https:\/\/budomax-as.pl\/index.php\/wp-json\/wp\/v2\/pages\/39\/revisions"}],"wp:featuredmedia":[{"embeddable":true,"href":"https:\/\/budomax-as.pl\/index.php\/wp-json\/wp\/v2\/media\/40"}],"wp:attachment":[{"href":"https:\/\/budomax-as.pl\/index.php\/wp-json\/wp\/v2\/media?parent=39"}],"curies":[{"name":"wp","href":"https:\/\/api.w.org\/{rel}","templated":true}]}}