{"id":48,"date":"2016-02-04T11:47:15","date_gmt":"2016-02-04T10:47:15","guid":{"rendered":"http:\/\/budomax-as.pl\/?page_id=48"},"modified":"2016-03-14T14:40:57","modified_gmt":"2016-03-14T13:40:57","slug":"prace-ociepleniowe-i-tynkarskie","status":"publish","type":"page","link":"https:\/\/budomax-as.pl\/index.php\/prace-ociepleniowe-i-tynkarskie\/","title":{"rendered":"Prace ociepleniowe i tynkarskie"},"content":{"rendered":"<p>Wykonujemy kompletne systemy dociepleniowe:<\/p>\n<p>&nbsp;<\/p>\n<ul>\n<li>docieplenia styropianem<\/li>\n<li>docieplenia we\u0142n\u0105 mineraln\u0105<\/li>\n<li>tynki mineralne bia\u0142y i kolorowe (baranek, kornik)<\/li>\n<li>tynki akrylowe bia\u0142e i kolorowe (baranek, kornik)<\/li>\n<li>tynki mozaikowo-\u017cywiczne<\/li>\n<li>malowanie i renowacja starych tynk\u00f3w i elewacji<\/li>\n<\/ul>\n<p>&nbsp;<\/p>\n","protected":false},"excerpt":{"rendered":"<p>Wykonujemy kompletne systemy dociepleniowe: &nbsp; docieplenia styropianem docieplenia we\u0142n\u0105 mineraln\u0105 tynki mineralne bia\u0142y i kolorowe (baranek, kornik) tynki akrylowe bia\u0142e i kolorowe (baranek, kornik) tynki<\/p>\n","protected":false},"author":1,"featured_media":49,"parent":0,"menu_order":0,"comment_status":"closed","ping_status":"closed","template":"page-templates\/template-services.php","meta":{"footnotes":""},"class_list":["post-48","page","type-page","status-publish","has-post-thumbnail","hentry"],"_links":{"self":[{"href":"https:\/\/budomax-as.pl\/index.php\/wp-json\/wp\/v2\/pages\/48","targetHints":{"allow":["GET"]}}],"collection":[{"href":"https:\/\/budomax-as.pl\/index.php\/wp-json\/wp\/v2\/pages"}],"about":[{"href":"https:\/\/budomax-as.pl\/index.php\/wp-json\/wp\/v2\/types\/page"}],"author":[{"embeddable":true,"href":"https:\/\/budomax-as.pl\/index.php\/wp-json\/wp\/v2\/users\/1"}],"replies":[{"embeddable":true,"href":"https:\/\/budomax-as.pl\/index.php\/wp-json\/wp\/v2\/comments?post=48"}],"version-history":[{"count":0,"href":"https:\/\/budomax-as.pl\/index.php\/wp-json\/wp\/v2\/pages\/48\/revisions"}],"wp:featuredmedia":[{"embeddable":true,"href":"https:\/\/budomax-as.pl\/index.php\/wp-json\/wp\/v2\/media\/49"}],"wp:attachment":[{"href":"https:\/\/budomax-as.pl\/index.php\/wp-json\/wp\/v2\/media?parent=48"}],"curies":[{"name":"wp","href":"https:\/\/api.w.org\/{rel}","templated":true}]}}