{"id":54,"date":"2016-02-04T11:54:40","date_gmt":"2016-02-04T10:54:40","guid":{"rendered":"http:\/\/budomax-as.pl\/?page_id=54"},"modified":"2016-03-14T14:44:02","modified_gmt":"2016-03-14T13:44:02","slug":"uslugi-ciesielskie-i-dekarskie-dachowe","status":"publish","type":"page","link":"https:\/\/budomax-as.pl\/index.php\/uslugi-ciesielskie-i-dekarskie-dachowe\/","title":{"rendered":"Us\u0142ugi ciesielskie i dekarskie (dachowe)"},"content":{"rendered":"<p>Du\u017ce do\u015bwiadzcenie zawodowe pozwala nam na szeroki zakres wykonywania us\u0142ug ciesielsko-dekarskich takich jak:<\/p>\n<ul>\n<li>r\u00f3\u017cnego rodzaju konstrukcje dachowe regularne i nie regularne, z lukarnami, galeriami i wykuszami o zr\u00f3\u017cnicowanym stopniu trudno\u015bci wykonania<\/li>\n<li>budynki techniczne i inwentarskie<\/li>\n<li>gara\u017ce, wiaty, altany<\/li>\n<li>balkony, tarasy, pergole itp.<\/li>\n<li>remonty i wymiany starych pokry\u0107 dachowych na nowe<\/li>\n<li>monta\u017c okien i w\u0142az\u00f3w dachowych<\/li>\n<li>obr\u00f3bki blacharskie<\/li>\n<li>krycie dach\u00f3wk\u0105 ceramiczn\u0105, betonow\u0105 blach\u0105 i gontem bitumicznym<\/li>\n<li>monta\u017c orynnowania systemowego<\/li>\n<li>deskowanie i podbitki<\/li>\n<li>system do gromienia<\/li>\n<\/ul>\n<p>Dobra znajomo\u015b\u0107 zawodu pozwala na wykorzystanie us\u0142ug metodami nowoczesnymi jak r\u00f3wnie\u017c tradycyjnymi przy zastosowaniu nowoczesnych narz\u0119dzi i sprz\u0119tu. Zlecenia wykonujemy terminowo, fachowo, estetycznie i solidnie. Prace wykonywane s\u0105 zgodnie z normami i sztuk\u0105 ciesielsk\u0105.<\/p>\n<p><img loading=\"lazy\" decoding=\"async\" class=\"aligncenter  wp-image-97\" border=\"2\" src=\"http:\/\/budomax-as.pl\/wp-content\/uploads\/2016\/03\/WP_000045-1024x768.jpg\" alt=\"WP_000045\" width=\"319\" height=\"239\" srcset=\"https:\/\/budomax-as.pl\/wp-content\/uploads\/2016\/03\/WP_000045-1024x768.jpg 1024w, https:\/\/budomax-as.pl\/wp-content\/uploads\/2016\/03\/WP_000045-300x225.jpg 300w, https:\/\/budomax-as.pl\/wp-content\/uploads\/2016\/03\/WP_000045-768x576.jpg 768w\" sizes=\"auto, (max-width: 319px) 100vw, 319px\" \/><\/p>\n","protected":false},"excerpt":{"rendered":"<p>Du\u017ce do\u015bwiadzcenie zawodowe pozwala nam na szeroki zakres wykonywania us\u0142ug ciesielsko-dekarskich takich jak: r\u00f3\u017cnego rodzaju konstrukcje dachowe regularne i nie regularne, z lukarnami, galeriami i<\/p>\n","protected":false},"author":1,"featured_media":55,"parent":0,"menu_order":0,"comment_status":"closed","ping_status":"closed","template":"page-templates\/template-services.php","meta":{"footnotes":""},"class_list":["post-54","page","type-page","status-publish","has-post-thumbnail","hentry"],"_links":{"self":[{"href":"https:\/\/budomax-as.pl\/index.php\/wp-json\/wp\/v2\/pages\/54","targetHints":{"allow":["GET"]}}],"collection":[{"href":"https:\/\/budomax-as.pl\/index.php\/wp-json\/wp\/v2\/pages"}],"about":[{"href":"https:\/\/budomax-as.pl\/index.php\/wp-json\/wp\/v2\/types\/page"}],"author":[{"embeddable":true,"href":"https:\/\/budomax-as.pl\/index.php\/wp-json\/wp\/v2\/users\/1"}],"replies":[{"embeddable":true,"href":"https:\/\/budomax-as.pl\/index.php\/wp-json\/wp\/v2\/comments?post=54"}],"version-history":[{"count":0,"href":"https:\/\/budomax-as.pl\/index.php\/wp-json\/wp\/v2\/pages\/54\/revisions"}],"wp:featuredmedia":[{"embeddable":true,"href":"https:\/\/budomax-as.pl\/index.php\/wp-json\/wp\/v2\/media\/55"}],"wp:attachment":[{"href":"https:\/\/budomax-as.pl\/index.php\/wp-json\/wp\/v2\/media?parent=54"}],"curies":[{"name":"wp","href":"https:\/\/api.w.org\/{rel}","templated":true}]}}