{"id":60,"date":"2016-02-04T11:59:38","date_gmt":"2016-02-04T10:59:38","guid":{"rendered":"http:\/\/budomax-as.pl\/?page_id=60"},"modified":"2016-03-14T14:46:00","modified_gmt":"2016-03-14T13:46:00","slug":"remonty-i-modernizacje","status":"publish","type":"page","link":"https:\/\/budomax-as.pl\/index.php\/remonty-i-modernizacje\/","title":{"rendered":"Remonty i modernizacje"},"content":{"rendered":"<p style=\"text-align: left;\">W ofercie us\u0142ug znajduj\u0105 si\u0119:<\/p>\n<p style=\"text-align: left;\">\n<ul>\n<li style=\"text-align: left;\">uk\u0142adanie glazury i terakoty<\/li>\n<li style=\"text-align: left;\">szpachlowanie i g\u0142adzenie \u015bcian i sufit\u00f3w<\/li>\n<li style=\"text-align: left;\">sufity podwieszane<\/li>\n<li style=\"text-align: left;\">sucha zabudowa p\u0142ytami gipsowo-kartonowymi<\/li>\n<li style=\"text-align: left;\">malowanie<\/li>\n<li style=\"text-align: left;\">uk\u0142adanie paneli pod\u0142ogowych i \u015bciennych<\/li>\n<li style=\"text-align: left;\">prace wyburzeniowe<\/li>\n<li style=\"text-align: left;\">wykonanie tynk\u00f3w cementowo-wapiennych oraz gipsowych metod\u0105 maszynowa i r\u0119czn\u0105<\/li>\n<li style=\"text-align: left;\">docieplenie poddaszy<\/li>\n<\/ul>\n<p>&nbsp;<\/p>\n<p><img loading=\"lazy\" decoding=\"async\" class=\"wp-image-61 alignleft\" src=\"http:\/\/budomax-as.pl\/wp-content\/uploads\/2016\/02\/WP_000063-1024x768.jpg\" alt=\"WP_000063\" width=\"300\" height=\"225\" border=\"2\" srcset=\"https:\/\/budomax-as.pl\/wp-content\/uploads\/2016\/02\/WP_000063-1024x768.jpg 1024w, https:\/\/budomax-as.pl\/wp-content\/uploads\/2016\/02\/WP_000063-300x225.jpg 300w, https:\/\/budomax-as.pl\/wp-content\/uploads\/2016\/02\/WP_000063-768x576.jpg 768w\" sizes=\"auto, (max-width: 300px) 100vw, 300px\" \/><img loading=\"lazy\" decoding=\"async\" class=\"size-medium wp-image-127 alignleft\" src=\"http:\/\/budomax-as.pl\/wp-content\/uploads\/2016\/03\/WP_000062-300x225.jpg\" alt=\"WP_000062\" width=\"300\" height=\"225\" border=\"2\" srcset=\"https:\/\/budomax-as.pl\/wp-content\/uploads\/2016\/03\/WP_000062-300x225.jpg 300w, https:\/\/budomax-as.pl\/wp-content\/uploads\/2016\/03\/WP_000062-768x576.jpg 768w, https:\/\/budomax-as.pl\/wp-content\/uploads\/2016\/03\/WP_000062-1024x768.jpg 1024w\" sizes=\"auto, (max-width: 300px) 100vw, 300px\" \/><\/p>\n","protected":false},"excerpt":{"rendered":"<p>W ofercie us\u0142ug znajduj\u0105 si\u0119: uk\u0142adanie glazury i terakoty szpachlowanie i g\u0142adzenie \u015bcian i sufit\u00f3w sufity podwieszane sucha zabudowa p\u0142ytami gipsowo-kartonowymi malowanie uk\u0142adanie paneli pod\u0142ogowych<\/p>\n","protected":false},"author":1,"featured_media":124,"parent":0,"menu_order":0,"comment_status":"closed","ping_status":"closed","template":"page-templates\/template-services.php","meta":{"footnotes":""},"class_list":["post-60","page","type-page","status-publish","has-post-thumbnail","hentry"],"_links":{"self":[{"href":"https:\/\/budomax-as.pl\/index.php\/wp-json\/wp\/v2\/pages\/60","targetHints":{"allow":["GET"]}}],"collection":[{"href":"https:\/\/budomax-as.pl\/index.php\/wp-json\/wp\/v2\/pages"}],"about":[{"href":"https:\/\/budomax-as.pl\/index.php\/wp-json\/wp\/v2\/types\/page"}],"author":[{"embeddable":true,"href":"https:\/\/budomax-as.pl\/index.php\/wp-json\/wp\/v2\/users\/1"}],"replies":[{"embeddable":true,"href":"https:\/\/budomax-as.pl\/index.php\/wp-json\/wp\/v2\/comments?post=60"}],"version-history":[{"count":0,"href":"https:\/\/budomax-as.pl\/index.php\/wp-json\/wp\/v2\/pages\/60\/revisions"}],"wp:featuredmedia":[{"embeddable":true,"href":"https:\/\/budomax-as.pl\/index.php\/wp-json\/wp\/v2\/media\/124"}],"wp:attachment":[{"href":"https:\/\/budomax-as.pl\/index.php\/wp-json\/wp\/v2\/media?parent=60"}],"curies":[{"name":"wp","href":"https:\/\/api.w.org\/{rel}","templated":true}]}}