{"id":64,"date":"2016-02-04T12:06:14","date_gmt":"2016-02-04T11:06:14","guid":{"rendered":"http:\/\/budomax-as.pl\/?page_id=64"},"modified":"2016-03-14T14:38:55","modified_gmt":"2016-03-14T13:38:55","slug":"instalacje-sanitarne-i-elektryczne","status":"publish","type":"page","link":"https:\/\/budomax-as.pl\/index.php\/instalacje-sanitarne-i-elektryczne\/","title":{"rendered":"Instalacje elektryczne"},"content":{"rendered":"<p>W sferze wykonawstwa specjalizujemy si\u0119 w:<\/p>\n<p>&nbsp;<\/p>\n<ul>\n<li>instalacjach elektrycznych budynk\u00f3w<\/li>\n<li>instalacjach elektrycznych obiekt\u00f3w u\u017cyteczno\u015bci publicznej<\/li>\n<li>instalacjach elektrycznych wewn\u0119trznych<\/li>\n<li>instalacjach odgromowych<\/li>\n<\/ul>\n","protected":false},"excerpt":{"rendered":"<p>W sferze wykonawstwa specjalizujemy si\u0119 w: &nbsp; instalacjach elektrycznych budynk\u00f3w instalacjach elektrycznych obiekt\u00f3w u\u017cyteczno\u015bci publicznej instalacjach elektrycznych wewn\u0119trznych instalacjach odgromowych<\/p>\n","protected":false},"author":1,"featured_media":65,"parent":0,"menu_order":0,"comment_status":"closed","ping_status":"closed","template":"page-templates\/template-services.php","meta":{"footnotes":""},"class_list":["post-64","page","type-page","status-publish","has-post-thumbnail","hentry"],"_links":{"self":[{"href":"https:\/\/budomax-as.pl\/index.php\/wp-json\/wp\/v2\/pages\/64","targetHints":{"allow":["GET"]}}],"collection":[{"href":"https:\/\/budomax-as.pl\/index.php\/wp-json\/wp\/v2\/pages"}],"about":[{"href":"https:\/\/budomax-as.pl\/index.php\/wp-json\/wp\/v2\/types\/page"}],"author":[{"embeddable":true,"href":"https:\/\/budomax-as.pl\/index.php\/wp-json\/wp\/v2\/users\/1"}],"replies":[{"embeddable":true,"href":"https:\/\/budomax-as.pl\/index.php\/wp-json\/wp\/v2\/comments?post=64"}],"version-history":[{"count":0,"href":"https:\/\/budomax-as.pl\/index.php\/wp-json\/wp\/v2\/pages\/64\/revisions"}],"wp:featuredmedia":[{"embeddable":true,"href":"https:\/\/budomax-as.pl\/index.php\/wp-json\/wp\/v2\/media\/65"}],"wp:attachment":[{"href":"https:\/\/budomax-as.pl\/index.php\/wp-json\/wp\/v2\/media?parent=64"}],"curies":[{"name":"wp","href":"https:\/\/api.w.org\/{rel}","templated":true}]}}