{"id":67,"date":"2016-02-04T12:08:08","date_gmt":"2016-02-04T11:08:08","guid":{"rendered":"http:\/\/budomax-as.pl\/?page_id=67"},"modified":"2016-03-14T14:45:35","modified_gmt":"2016-03-14T13:45:35","slug":"uslugi-ogolnobudowlane","status":"publish","type":"page","link":"https:\/\/budomax-as.pl\/index.php\/uslugi-ogolnobudowlane\/","title":{"rendered":"Us\u0142ugi og\u00f3lnobudowlane"},"content":{"rendered":"<p>Zakres dzia\u0142alno\u015bci firmy obejmuje kompleksowe wykonawstwo mieszka\u0144, dom\u00f3w jedno i wielorodzinnych, obiekt\u00f3w przemys\u0142owych i u\u017cyteczno\u015bci publicznej, budynk\u00f3w.<br \/>\n&nbsp;<\/p>\n<p><img loading=\"lazy\" decoding=\"async\" class=\"aligncenter  wp-image-68\" border=\"2\" src=\"http:\/\/budomax-as.pl\/wp-content\/uploads\/2016\/02\/1dd5f67cecfe74d9eea157fa3b380d93.jpg\" alt=\"House blueprints close up\" width=\"445\" height=\"315\" srcset=\"https:\/\/budomax-as.pl\/wp-content\/uploads\/2016\/02\/1dd5f67cecfe74d9eea157fa3b380d93.jpg 3508w, https:\/\/budomax-as.pl\/wp-content\/uploads\/2016\/02\/1dd5f67cecfe74d9eea157fa3b380d93-300x212.jpg 300w, https:\/\/budomax-as.pl\/wp-content\/uploads\/2016\/02\/1dd5f67cecfe74d9eea157fa3b380d93-768x543.jpg 768w, https:\/\/budomax-as.pl\/wp-content\/uploads\/2016\/02\/1dd5f67cecfe74d9eea157fa3b380d93-1024x724.jpg 1024w\" sizes=\"auto, (max-width: 445px) 100vw, 445px\" \/><\/p>\n","protected":false},"excerpt":{"rendered":"<p>Zakres dzia\u0142alno\u015bci firmy obejmuje kompleksowe wykonawstwo mieszka\u0144, dom\u00f3w jedno i wielorodzinnych, obiekt\u00f3w przemys\u0142owych i u\u017cyteczno\u015bci publicznej, budynk\u00f3w. &nbsp;<\/p>\n","protected":false},"author":1,"featured_media":68,"parent":0,"menu_order":1,"comment_status":"closed","ping_status":"closed","template":"page-templates\/template-services.php","meta":{"footnotes":""},"class_list":["post-67","page","type-page","status-publish","has-post-thumbnail","hentry"],"_links":{"self":[{"href":"https:\/\/budomax-as.pl\/index.php\/wp-json\/wp\/v2\/pages\/67","targetHints":{"allow":["GET"]}}],"collection":[{"href":"https:\/\/budomax-as.pl\/index.php\/wp-json\/wp\/v2\/pages"}],"about":[{"href":"https:\/\/budomax-as.pl\/index.php\/wp-json\/wp\/v2\/types\/page"}],"author":[{"embeddable":true,"href":"https:\/\/budomax-as.pl\/index.php\/wp-json\/wp\/v2\/users\/1"}],"replies":[{"embeddable":true,"href":"https:\/\/budomax-as.pl\/index.php\/wp-json\/wp\/v2\/comments?post=67"}],"version-history":[{"count":0,"href":"https:\/\/budomax-as.pl\/index.php\/wp-json\/wp\/v2\/pages\/67\/revisions"}],"wp:featuredmedia":[{"embeddable":true,"href":"https:\/\/budomax-as.pl\/index.php\/wp-json\/wp\/v2\/media\/68"}],"wp:attachment":[{"href":"https:\/\/budomax-as.pl\/index.php\/wp-json\/wp\/v2\/media?parent=67"}],"curies":[{"name":"wp","href":"https:\/\/api.w.org\/{rel}","templated":true}]}}