{"id":71,"date":"2016-02-04T12:09:42","date_gmt":"2016-02-04T11:09:42","guid":{"rendered":"http:\/\/budomax-as.pl\/?page_id=71"},"modified":"2016-03-14T14:40:43","modified_gmt":"2016-03-14T13:40:43","slug":"instalacje-sanitarne","status":"publish","type":"page","link":"https:\/\/budomax-as.pl\/index.php\/instalacje-sanitarne\/","title":{"rendered":"Instalacje sanitarne"},"content":{"rendered":"<p>&nbsp;<\/p>\n<p>Oferujemy us\u0142ugi instalacyjne takie jak:<\/p>\n<p>&nbsp;<\/p>\n<p><img loading=\"lazy\" decoding=\"async\" class=\"size-medium wp-image-107 aligncenter\" src=\"http:\/\/budomax-as.pl\/wp-content\/uploads\/2016\/02\/9-300x200.jpg\" alt=\"9\" width=\"300\" height=\"200\" border=\"2\" srcset=\"https:\/\/budomax-as.pl\/wp-content\/uploads\/2016\/02\/9-300x200.jpg 300w, https:\/\/budomax-as.pl\/wp-content\/uploads\/2016\/02\/9.jpg 750w\" sizes=\"auto, (max-width: 300px) 100vw, 300px\" \/><\/p>\n<p>&nbsp;<\/p>\n<ul>\n<li>monta\u017c instalacji wod.kan. i c.o.<\/li>\n<li>modernizacja instalacji sanitarnych<\/li>\n<li>monta\u017c instalacji klimatyzacyjno-wentylacyjnych<\/li>\n<li>monta\u017c kot\u0142owni gazowych, olejowych i paliwa sta\u0142e (ma\u0142ej ,\u015bredniej i du\u017cej mocy)<\/li>\n<li>ogrzewanie pod\u0142ogowe<\/li>\n<li>kominki z p\u0142aszczem wodnym<\/li>\n<li>drena\u017c odwadniaj\u0105cy<\/li>\n<li>kot\u0142y wisz\u0105ce i stoj\u0105ce, kondensacyjne i atmosferyczne<\/li>\n<\/ul>\n<p>&nbsp;<\/p>\n<p><img loading=\"lazy\" decoding=\"async\" class=\"aligncenter size-medium wp-image-109\" src=\"http:\/\/budomax-as.pl\/wp-content\/uploads\/2016\/02\/11-300x200.jpg\" alt=\"11\" width=\"300\" height=\"200\" border=\"2\" srcset=\"https:\/\/budomax-as.pl\/wp-content\/uploads\/2016\/02\/11-300x200.jpg 300w, https:\/\/budomax-as.pl\/wp-content\/uploads\/2016\/02\/11.jpg 750w\" sizes=\"auto, (max-width: 300px) 100vw, 300px\" \/><\/p>\n","protected":false},"excerpt":{"rendered":"<p>&nbsp; Oferujemy us\u0142ugi instalacyjne takie jak: &nbsp; &nbsp; monta\u017c instalacji wod.kan. i c.o. modernizacja instalacji sanitarnych monta\u017c instalacji klimatyzacyjno-wentylacyjnych monta\u017c kot\u0142owni gazowych, olejowych i paliwa<\/p>\n","protected":false},"author":1,"featured_media":72,"parent":0,"menu_order":0,"comment_status":"closed","ping_status":"closed","template":"page-templates\/template-services.php","meta":{"footnotes":""},"class_list":["post-71","page","type-page","status-publish","has-post-thumbnail","hentry"],"_links":{"self":[{"href":"https:\/\/budomax-as.pl\/index.php\/wp-json\/wp\/v2\/pages\/71","targetHints":{"allow":["GET"]}}],"collection":[{"href":"https:\/\/budomax-as.pl\/index.php\/wp-json\/wp\/v2\/pages"}],"about":[{"href":"https:\/\/budomax-as.pl\/index.php\/wp-json\/wp\/v2\/types\/page"}],"author":[{"embeddable":true,"href":"https:\/\/budomax-as.pl\/index.php\/wp-json\/wp\/v2\/users\/1"}],"replies":[{"embeddable":true,"href":"https:\/\/budomax-as.pl\/index.php\/wp-json\/wp\/v2\/comments?post=71"}],"version-history":[{"count":0,"href":"https:\/\/budomax-as.pl\/index.php\/wp-json\/wp\/v2\/pages\/71\/revisions"}],"wp:featuredmedia":[{"embeddable":true,"href":"https:\/\/budomax-as.pl\/index.php\/wp-json\/wp\/v2\/media\/72"}],"wp:attachment":[{"href":"https:\/\/budomax-as.pl\/index.php\/wp-json\/wp\/v2\/media?parent=71"}],"curies":[{"name":"wp","href":"https:\/\/api.w.org\/{rel}","templated":true}]}}