{"id":77,"date":"2016-02-04T12:21:57","date_gmt":"2016-02-04T11:21:57","guid":{"rendered":"http:\/\/budomax-as.pl\/?page_id=77"},"modified":"2016-02-04T17:00:07","modified_gmt":"2016-02-04T16:00:07","slug":"jakosc-i-terminowosc","status":"publish","type":"page","link":"https:\/\/budomax-as.pl\/index.php\/jakosc-i-terminowosc\/","title":{"rendered":"Jako\u015b\u0107 i terminowo\u015b\u0107"},"content":{"rendered":"<p>wykonywanych przez nas rob\u00f3t nigdy nie budzi\u0142a zastrze\u017ce\u0144 inwestor\u00f3w .<\/p>\n","protected":false},"excerpt":{"rendered":"<p>wykonywanych przez nas rob\u00f3t nigdy nie budzi\u0142a zastrze\u017ce\u0144 inwestor\u00f3w .<\/p>\n","protected":false},"author":1,"featured_media":86,"parent":0,"menu_order":0,"comment_status":"closed","ping_status":"closed","template":"","meta":{"footnotes":""},"class_list":["post-77","page","type-page","status-publish","has-post-thumbnail","hentry"],"_links":{"self":[{"href":"https:\/\/budomax-as.pl\/index.php\/wp-json\/wp\/v2\/pages\/77","targetHints":{"allow":["GET"]}}],"collection":[{"href":"https:\/\/budomax-as.pl\/index.php\/wp-json\/wp\/v2\/pages"}],"about":[{"href":"https:\/\/budomax-as.pl\/index.php\/wp-json\/wp\/v2\/types\/page"}],"author":[{"embeddable":true,"href":"https:\/\/budomax-as.pl\/index.php\/wp-json\/wp\/v2\/users\/1"}],"replies":[{"embeddable":true,"href":"https:\/\/budomax-as.pl\/index.php\/wp-json\/wp\/v2\/comments?post=77"}],"version-history":[{"count":0,"href":"https:\/\/budomax-as.pl\/index.php\/wp-json\/wp\/v2\/pages\/77\/revisions"}],"wp:featuredmedia":[{"embeddable":true,"href":"https:\/\/budomax-as.pl\/index.php\/wp-json\/wp\/v2\/media\/86"}],"wp:attachment":[{"href":"https:\/\/budomax-as.pl\/index.php\/wp-json\/wp\/v2\/media?parent=77"}],"curies":[{"name":"wp","href":"https:\/\/api.w.org\/{rel}","templated":true}]}}