{"id":83,"date":"2016-02-04T12:32:44","date_gmt":"2016-02-04T11:32:44","guid":{"rendered":"http:\/\/budomax-as.pl\/?page_id=83"},"modified":"2016-03-14T14:45:03","modified_gmt":"2016-03-14T13:45:03","slug":"uslugi-remontowo-budowlane","status":"publish","type":"page","link":"https:\/\/budomax-as.pl\/index.php\/uslugi-remontowo-budowlane\/","title":{"rendered":"Us\u0142ugi remontowo \u2013 budowlane"},"content":{"rendered":"<p>Oferujemy Pa\u0144stwu profesjonalne i kompleksowe us\u0142ugi remontowo-budowlane. W zakres prac \u015bwiadczonych przez firm\u0119 wchodz\u0105 mi\u0119dzy innymi:<\/p>\n<ul>\n<li>prace murarsko-tynkarskie,<\/li>\n<li>uk\u0142adanie glazury , kamienia<\/li>\n<li>prace malarskie<\/li>\n<li>prace stolarsko-ok\u0142adzinowe<\/li>\n<li>modernizacja i przebudowa instalacji<\/li>\n<li>wyburzenia<\/li>\n<li>transport<\/li>\n<\/ul>\n<p>Gwarantujemy doradztwo techniczne dotycz\u0105ce zastosowania technologii oraz pomoc w zakresie doboru odpowiednich materia\u0142\u00f3w.<\/p>\n<p>Staramy si\u0119 ,aby nasza oferta by\u0142a konkurencyjna cenowo dlatego te\u017c dobierana jest indywidualnie zale\u017cnie od specyfikacji, zakresu oraz rodzaju zlecenia.<\/p>\n<p>&nbsp;<\/p>\n<p><img loading=\"lazy\" decoding=\"async\" class=\"aligncenter size-full wp-image-117\" src=\"http:\/\/budomax-as.pl\/wp-content\/uploads\/2016\/02\/6.jpg\" alt=\"6\" width=\"750\" height=\"499\" border=\"2\" srcset=\"https:\/\/budomax-as.pl\/wp-content\/uploads\/2016\/02\/6.jpg 750w, https:\/\/budomax-as.pl\/wp-content\/uploads\/2016\/02\/6-300x200.jpg 300w\" sizes=\"auto, (max-width: 750px) 100vw, 750px\" \/><\/p>\n","protected":false},"excerpt":{"rendered":"<p>Oferujemy Pa\u0144stwu profesjonalne i kompleksowe us\u0142ugi remontowo-budowlane. W zakres prac \u015bwiadczonych przez firm\u0119 wchodz\u0105 mi\u0119dzy innymi: prace murarsko-tynkarskie, uk\u0142adanie glazury , kamienia prace malarskie prace<\/p>\n","protected":false},"author":1,"featured_media":84,"parent":0,"menu_order":2,"comment_status":"closed","ping_status":"closed","template":"page-templates\/template-services.php","meta":{"footnotes":""},"class_list":["post-83","page","type-page","status-publish","has-post-thumbnail","hentry"],"_links":{"self":[{"href":"https:\/\/budomax-as.pl\/index.php\/wp-json\/wp\/v2\/pages\/83","targetHints":{"allow":["GET"]}}],"collection":[{"href":"https:\/\/budomax-as.pl\/index.php\/wp-json\/wp\/v2\/pages"}],"about":[{"href":"https:\/\/budomax-as.pl\/index.php\/wp-json\/wp\/v2\/types\/page"}],"author":[{"embeddable":true,"href":"https:\/\/budomax-as.pl\/index.php\/wp-json\/wp\/v2\/users\/1"}],"replies":[{"embeddable":true,"href":"https:\/\/budomax-as.pl\/index.php\/wp-json\/wp\/v2\/comments?post=83"}],"version-history":[{"count":0,"href":"https:\/\/budomax-as.pl\/index.php\/wp-json\/wp\/v2\/pages\/83\/revisions"}],"wp:featuredmedia":[{"embeddable":true,"href":"https:\/\/budomax-as.pl\/index.php\/wp-json\/wp\/v2\/media\/84"}],"wp:attachment":[{"href":"https:\/\/budomax-as.pl\/index.php\/wp-json\/wp\/v2\/media?parent=83"}],"curies":[{"name":"wp","href":"https:\/\/api.w.org\/{rel}","templated":true}]}}